{"id":20,"date":"2024-06-12T21:37:49","date_gmt":"2024-06-12T19:37:49","guid":{"rendered":"http:\/\/ateliermcl.com\/?page_id=20"},"modified":"2024-09-07T18:31:27","modified_gmt":"2024-09-07T16:31:27","slug":"accueil","status":"publish","type":"page","link":"https:\/\/ateliermcl.com\/","title":{"rendered":"Accueil"},"content":{"rendered":"\t\t<div data-elementor-type=\"wp-page\" data-elementor-id=\"20\" class=\"elementor elementor-20\">\n\t\t\t\t<div class=\"elementor-element elementor-element-66c12a05 e-flex e-con-boxed e-con e-parent\" data-id=\"66c12a05\" data-element_type=\"container\">\n\t\t\t\t\t<div class=\"e-con-inner\">\n\t\t\t\t<div class=\"elementor-element elementor-element-10de82b7 elementor-widget elementor-widget-text-editor\" data-id=\"10de82b7\" data-element_type=\"widget\" data-widget_type=\"text-editor.default\">\n\t\t\t\t<div class=\"elementor-widget-container\">\n\t\t\t<style>\/*! elementor - v3.21.0 - 26-05-2024 *\/\n.elementor-widget-text-editor.elementor-drop-cap-view-stacked .elementor-drop-cap{background-color:#69727d;color:#fff}.elementor-widget-text-editor.elementor-drop-cap-view-framed .elementor-drop-cap{color:#69727d;border:3px solid;background-color:transparent}.elementor-widget-text-editor:not(.elementor-drop-cap-view-default) .elementor-drop-cap{margin-top:8px}.elementor-widget-text-editor:not(.elementor-drop-cap-view-default) .elementor-drop-cap-letter{width:1em;height:1em}.elementor-widget-text-editor .elementor-drop-cap{float:left;text-align:center;line-height:1;font-size:50px}.elementor-widget-text-editor .elementor-drop-cap-letter{display:inline-block}<\/style>\t\t\t\t<!-- wp:paragraph -->\n<p><strong>D\u00e9couvrez l&rsquo;Atelier MCL\u00a0!<\/strong><\/p>\n<p>Votre partenaire pour transformer vos espaces de vie en v\u00e9ritables \u0153uvres d&rsquo;art ! D\u00e8s maintenant, l\u2019atelier propose un <strong>service \u00e0 domicile de cr\u00e9ation de fresques murales sur mesure<\/strong>, afin de rendre vos espaces uniques et inspirants. Sp\u00e9cialis\u00e9 dans les fresques murales personnalis\u00e9es et<strong> le conseil en architecture d&rsquo;int\u00e9rieur<\/strong>, l&rsquo;Atelier vous accompagne pour concevoir des int\u00e9rieurs qui vous ressemblent. Que ce soit pour un salon, une chambre ou tout autre espace, fusionnons art et design pour donner vie \u00e0 vos id\u00e9es. Contactez-nous d\u00e8s aujourd&rsquo;hui pour concr\u00e9tiser vos projets d&rsquo;am\u00e9nagement !<\/p>\n<!-- \/wp:paragraph -->\t\t\t\t\t\t<\/div>\n\t\t\t\t<\/div>\n\t\t\t\t\t<\/div>\n\t\t\t\t<\/div>\n\t\t<div class=\"elementor-element elementor-element-f5775fe e-flex e-con-boxed e-con e-parent\" data-id=\"f5775fe\" data-element_type=\"container\">\n\t\t\t\t\t<div class=\"e-con-inner\">\n\t\t\t\t<div class=\"elementor-element elementor-element-3b102c6 elementor-align-center elementor-widget elementor-widget-button\" data-id=\"3b102c6\" data-element_type=\"widget\" data-widget_type=\"button.default\">\n\t\t\t\t<div class=\"elementor-widget-container\">\n\t\t\t\t\t<div class=\"elementor-button-wrapper\">\n\t\t\t<a class=\"elementor-button elementor-button-link elementor-size-sm\" href=\"https:\/\/ateliermcl.com\/index.php\/gelerie\/\">\n\t\t\t\t\t\t<span class=\"elementor-button-content-wrapper\">\n\t\t\t\t\t\t<span class=\"elementor-button-icon elementor-align-icon-left\">\n\t\t\t\t<svg aria-hidden=\"true\" class=\"e-font-icon-svg e-far-arrow-alt-circle-down\" viewBox=\"0 0 512 512\" xmlns=\"http:\/\/www.w3.org\/2000\/svg\"><path d=\"M256 8C119 8 8 119 8 256s111 248 248 248 248-111 248-248S393 8 256 8zm0 448c-110.5 0-200-89.5-200-200S145.5 56 256 56s200 89.5 200 200-89.5 200-200 200zm-32-316v116h-67c-10.7 0-16 12.9-8.5 20.5l99 99c4.7 4.7 12.3 4.7 17 0l99-99c7.6-7.6 2.2-20.5-8.5-20.5h-67V140c0-6.6-5.4-12-12-12h-40c-6.6 0-12 5.4-12 12z\"><\/path><\/svg>\t\t\t<\/span>\n\t\t\t\t\t\t\t\t\t<span class=\"elementor-button-text\">voir<\/span>\n\t\t\t\t\t<\/span>\n\t\t\t\t\t<\/a>\n\t\t<\/div>\n\t\t\t\t<\/div>\n\t\t\t\t<\/div>\n\t\t\t\t\t<\/div>\n\t\t\t\t<\/div>\n\t\t\t\t<\/div>\n\t\t","protected":false},"excerpt":{"rendered":"<p>D\u00e9couvrez l&rsquo;Atelier MCL\u00a0! Votre partenaire pour transformer vos espaces de vie en v\u00e9ritables \u0153uvres d&rsquo;art ! D\u00e8s maintenant, l\u2019atelier propose un service \u00e0 domicile de cr\u00e9ation de fresques murales sur mesure, afin de rendre vos espaces uniques et inspirants. Sp\u00e9cialis\u00e9 dans les fresques murales personnalis\u00e9es et le conseil en architecture d&rsquo;int\u00e9rieur, l&rsquo;Atelier vous accompagne pour &hellip; <\/p>\n<p class=\"link-more\"><a href=\"https:\/\/ateliermcl.com\/\" class=\"more-link\">Continuer la lecture<span class=\"screen-reader-text\"> de &laquo;&nbsp;Accueil&nbsp;&raquo;<\/span><\/a><\/p>\n","protected":false},"author":1,"featured_media":0,"parent":0,"menu_order":0,"comment_status":"closed","ping_status":"closed","template":"","meta":{"footnotes":""},"class_list":["post-20","page","type-page","status-publish","hentry"],"yoast_head":"<!-- This site is optimized with the Yoast SEO plugin v23.3 - https:\/\/yoast.com\/wordpress\/plugins\/seo\/ -->\n<title>Atelier MCL<\/title>\n<meta name=\"description\" content=\"L&#039;Atelier MCL propose des cours d&#039;arts plastiques tous niveaux et une pr\u00e9paration aux concours d&#039;\u00e9coles d&#039;Arts Appliqu\u00e9s. L&#039;Atelier MCL r\u00e9alise des fresques et des objets d&#039;art pour vous accompagner dans vos projets d&#039;architecture int\u00e9rieure.\" \/>\n<meta name=\"robots\" content=\"index, follow, max-snippet:-1, max-image-preview:large, max-video-preview:-1\" \/>\n<link rel=\"canonical\" href=\"https:\/\/ateliermcl.com\/\" \/>\n<meta property=\"og:locale\" content=\"fr_FR\" \/>\n<meta property=\"og:type\" content=\"article\" \/>\n<meta property=\"og:title\" content=\"Atelier MCL\" \/>\n<meta property=\"og:description\" content=\"L&#039;Atelier MCL propose des cours d&#039;arts plastiques tous niveaux et une pr\u00e9paration aux concours d&#039;\u00e9coles d&#039;Arts Appliqu\u00e9s. L&#039;Atelier MCL r\u00e9alise des fresques et des objets d&#039;art pour vous accompagner dans vos projets d&#039;architecture int\u00e9rieure.\" \/>\n<meta property=\"og:url\" content=\"https:\/\/ateliermcl.com\/\" \/>\n<meta property=\"og:site_name\" content=\"Atelier MCL\" \/>\n<meta property=\"article:modified_time\" content=\"2024-09-07T16:31:27+00:00\" \/>\n<meta name=\"twitter:card\" content=\"summary_large_image\" \/>\n<meta name=\"twitter:label1\" content=\"Dur\u00e9e de lecture estim\u00e9e\" \/>\n\t<meta name=\"twitter:data1\" content=\"1 minute\" \/>\n<script type=\"application\/ld+json\" class=\"yoast-schema-graph\">{\"@context\":\"https:\/\/schema.org\",\"@graph\":[{\"@type\":\"WebPage\",\"@id\":\"https:\/\/ateliermcl.com\/\",\"url\":\"https:\/\/ateliermcl.com\/\",\"name\":\"Atelier MCL\",\"isPartOf\":{\"@id\":\"https:\/\/ateliermcl.com\/#website\"},\"datePublished\":\"2024-06-12T19:37:49+00:00\",\"dateModified\":\"2024-09-07T16:31:27+00:00\",\"description\":\"L'Atelier MCL propose des cours d'arts plastiques tous niveaux et une pr\u00e9paration aux concours d'\u00e9coles d'Arts Appliqu\u00e9s. L'Atelier MCL r\u00e9alise des fresques et des objets d'art pour vous accompagner dans vos projets d'architecture int\u00e9rieure.\",\"breadcrumb\":{\"@id\":\"https:\/\/ateliermcl.com\/#breadcrumb\"},\"inLanguage\":\"fr-FR\",\"potentialAction\":[{\"@type\":\"ReadAction\",\"target\":[\"https:\/\/ateliermcl.com\/\"]}]},{\"@type\":\"BreadcrumbList\",\"@id\":\"https:\/\/ateliermcl.com\/#breadcrumb\",\"itemListElement\":[{\"@type\":\"ListItem\",\"position\":1,\"name\":\"Accueil\",\"item\":\"https:\/\/ateliermcl.com\/\"},{\"@type\":\"ListItem\",\"position\":2,\"name\":\"Accueil\"}]},{\"@type\":\"WebSite\",\"@id\":\"https:\/\/ateliermcl.com\/#website\",\"url\":\"https:\/\/ateliermcl.com\/\",\"name\":\"AtelierMCL\",\"description\":\"Arts Plastiques &amp; Arts Appliqu\u00e9s \u00e0 Caen\",\"publisher\":{\"@id\":\"https:\/\/ateliermcl.com\/#organization\"},\"potentialAction\":[{\"@type\":\"SearchAction\",\"target\":{\"@type\":\"EntryPoint\",\"urlTemplate\":\"https:\/\/ateliermcl.com\/?s={search_term_string}\"},\"query-input\":\"required name=search_term_string\"}],\"inLanguage\":\"fr-FR\"},{\"@type\":\"Organization\",\"@id\":\"https:\/\/ateliermcl.com\/#organization\",\"name\":\"AtelierMCL\",\"url\":\"https:\/\/ateliermcl.com\/\",\"logo\":{\"@type\":\"ImageObject\",\"inLanguage\":\"fr-FR\",\"@id\":\"https:\/\/ateliermcl.com\/#\/schema\/logo\/image\/\",\"url\":\"http:\/\/ateliermcl.com\/wp-content\/uploads\/2024\/06\/Logo-MCL.png\",\"contentUrl\":\"http:\/\/ateliermcl.com\/wp-content\/uploads\/2024\/06\/Logo-MCL.png\",\"width\":2312,\"height\":1132,\"caption\":\"AtelierMCL\"},\"image\":{\"@id\":\"https:\/\/ateliermcl.com\/#\/schema\/logo\/image\/\"},\"sameAs\":[\"https:\/\/www.instagram.com\/marine_chauvin_lacour\/\"]}]}<\/script>\n<!-- \/ Yoast SEO plugin. -->","yoast_head_json":{"title":"Atelier MCL","description":"L'Atelier MCL propose des cours d'arts plastiques tous niveaux et une pr\u00e9paration aux concours d'\u00e9coles d'Arts Appliqu\u00e9s. L'Atelier MCL r\u00e9alise des fresques et des objets d'art pour vous accompagner dans vos projets d'architecture int\u00e9rieure.","robots":{"index":"index","follow":"follow","max-snippet":"max-snippet:-1","max-image-preview":"max-image-preview:large","max-video-preview":"max-video-preview:-1"},"canonical":"https:\/\/ateliermcl.com\/","og_locale":"fr_FR","og_type":"article","og_title":"Atelier MCL","og_description":"L'Atelier MCL propose des cours d'arts plastiques tous niveaux et une pr\u00e9paration aux concours d'\u00e9coles d'Arts Appliqu\u00e9s. L'Atelier MCL r\u00e9alise des fresques et des objets d'art pour vous accompagner dans vos projets d'architecture int\u00e9rieure.","og_url":"https:\/\/ateliermcl.com\/","og_site_name":"Atelier MCL","article_modified_time":"2024-09-07T16:31:27+00:00","twitter_card":"summary_large_image","twitter_misc":{"Dur\u00e9e de lecture estim\u00e9e":"1 minute"},"schema":{"@context":"https:\/\/schema.org","@graph":[{"@type":"WebPage","@id":"https:\/\/ateliermcl.com\/","url":"https:\/\/ateliermcl.com\/","name":"Atelier MCL","isPartOf":{"@id":"https:\/\/ateliermcl.com\/#website"},"datePublished":"2024-06-12T19:37:49+00:00","dateModified":"2024-09-07T16:31:27+00:00","description":"L'Atelier MCL propose des cours d'arts plastiques tous niveaux et une pr\u00e9paration aux concours d'\u00e9coles d'Arts Appliqu\u00e9s. L'Atelier MCL r\u00e9alise des fresques et des objets d'art pour vous accompagner dans vos projets d'architecture int\u00e9rieure.","breadcrumb":{"@id":"https:\/\/ateliermcl.com\/#breadcrumb"},"inLanguage":"fr-FR","potentialAction":[{"@type":"ReadAction","target":["https:\/\/ateliermcl.com\/"]}]},{"@type":"BreadcrumbList","@id":"https:\/\/ateliermcl.com\/#breadcrumb","itemListElement":[{"@type":"ListItem","position":1,"name":"Accueil","item":"https:\/\/ateliermcl.com\/"},{"@type":"ListItem","position":2,"name":"Accueil"}]},{"@type":"WebSite","@id":"https:\/\/ateliermcl.com\/#website","url":"https:\/\/ateliermcl.com\/","name":"AtelierMCL","description":"Arts Plastiques &amp; Arts Appliqu\u00e9s \u00e0 Caen","publisher":{"@id":"https:\/\/ateliermcl.com\/#organization"},"potentialAction":[{"@type":"SearchAction","target":{"@type":"EntryPoint","urlTemplate":"https:\/\/ateliermcl.com\/?s={search_term_string}"},"query-input":"required name=search_term_string"}],"inLanguage":"fr-FR"},{"@type":"Organization","@id":"https:\/\/ateliermcl.com\/#organization","name":"AtelierMCL","url":"https:\/\/ateliermcl.com\/","logo":{"@type":"ImageObject","inLanguage":"fr-FR","@id":"https:\/\/ateliermcl.com\/#\/schema\/logo\/image\/","url":"http:\/\/ateliermcl.com\/wp-content\/uploads\/2024\/06\/Logo-MCL.png","contentUrl":"http:\/\/ateliermcl.com\/wp-content\/uploads\/2024\/06\/Logo-MCL.png","width":2312,"height":1132,"caption":"AtelierMCL"},"image":{"@id":"https:\/\/ateliermcl.com\/#\/schema\/logo\/image\/"},"sameAs":["https:\/\/www.instagram.com\/marine_chauvin_lacour\/"]}]}},"_links":{"self":[{"href":"https:\/\/ateliermcl.com\/index.php\/wp-json\/wp\/v2\/pages\/20","targetHints":{"allow":["GET"]}}],"collection":[{"href":"https:\/\/ateliermcl.com\/index.php\/wp-json\/wp\/v2\/pages"}],"about":[{"href":"https:\/\/ateliermcl.com\/index.php\/wp-json\/wp\/v2\/types\/page"}],"author":[{"embeddable":true,"href":"https:\/\/ateliermcl.com\/index.php\/wp-json\/wp\/v2\/users\/1"}],"replies":[{"embeddable":true,"href":"https:\/\/ateliermcl.com\/index.php\/wp-json\/wp\/v2\/comments?post=20"}],"version-history":[{"count":34,"href":"https:\/\/ateliermcl.com\/index.php\/wp-json\/wp\/v2\/pages\/20\/revisions"}],"predecessor-version":[{"id":450,"href":"https:\/\/ateliermcl.com\/index.php\/wp-json\/wp\/v2\/pages\/20\/revisions\/450"}],"wp:attachment":[{"href":"https:\/\/ateliermcl.com\/index.php\/wp-json\/wp\/v2\/media?parent=20"}],"curies":[{"name":"wp","href":"https:\/\/api.w.org\/{rel}","templated":true}]}}