{"id":22,"date":"2024-06-12T21:37:49","date_gmt":"2024-06-12T19:37:49","guid":{"rendered":"http:\/\/ateliermcl.com\/?page_id=22"},"modified":"2024-09-07T17:00:20","modified_gmt":"2024-09-07T15:00:20","slug":"gelerie","status":"publish","type":"page","link":"https:\/\/ateliermcl.com\/index.php\/gelerie\/","title":{"rendered":"Fresques Murales"},"content":{"rendered":"\t\t<div data-elementor-type=\"wp-page\" data-elementor-id=\"22\" class=\"elementor elementor-22\">\n\t\t\t\t<div class=\"elementor-element elementor-element-6bd3369 e-flex e-con-boxed e-con e-parent\" data-id=\"6bd3369\" data-element_type=\"container\">\n\t\t\t\t\t<div class=\"e-con-inner\">\n\t\t\t\t<div class=\"elementor-element elementor-element-93f7aef elementor-widget elementor-widget-image\" data-id=\"93f7aef\" data-element_type=\"widget\" data-widget_type=\"image.default\">\n\t\t\t\t<div class=\"elementor-widget-container\">\n\t\t\t<style>\/*! elementor - v3.21.0 - 26-05-2024 *\/\n.elementor-widget-image{text-align:center}.elementor-widget-image a{display:inline-block}.elementor-widget-image a img[src$=\".svg\"]{width:48px}.elementor-widget-image img{vertical-align:middle;display:inline-block}<\/style>\t\t\t\t\t\t\t<figure class=\"wp-caption\">\n\t\t\t\t\t\t\t\t\t\t<img fetchpriority=\"high\" decoding=\"async\" width=\"525\" height=\"525\" src=\"https:\/\/ateliermcl.com\/wp-content\/uploads\/2024\/08\/inas-wall-P-1024x1024.png\" class=\"attachment-large size-large wp-image-336\" alt=\"\" srcset=\"https:\/\/ateliermcl.com\/wp-content\/uploads\/2024\/08\/inas-wall-P-1024x1024.png 1024w, https:\/\/ateliermcl.com\/wp-content\/uploads\/2024\/08\/inas-wall-P-300x300.png 300w, https:\/\/ateliermcl.com\/wp-content\/uploads\/2024\/08\/inas-wall-P-150x150.png 150w, https:\/\/ateliermcl.com\/wp-content\/uploads\/2024\/08\/inas-wall-P-768x767.png 768w, https:\/\/ateliermcl.com\/wp-content\/uploads\/2024\/08\/inas-wall-P-100x100.png 100w, https:\/\/ateliermcl.com\/wp-content\/uploads\/2024\/08\/inas-wall-P.png 1182w\" sizes=\"100vw\" \/>\t\t\t\t\t\t\t\t\t\t\t<figcaption class=\"widget-image-caption wp-caption-text\">Ina's Wall - Acrylique aquarell\u00e9e sur placo peint<\/figcaption>\n\t\t\t\t\t\t\t\t\t\t<\/figure>\n\t\t\t\t\t\t\t<\/div>\n\t\t\t\t<\/div>\n\t\t\t\t\t<\/div>\n\t\t\t\t<\/div>\n\t\t<div class=\"elementor-element elementor-element-cfce88d e-flex e-con-boxed e-con e-parent\" data-id=\"cfce88d\" data-element_type=\"container\">\n\t\t\t\t\t<div class=\"e-con-inner\">\n\t\t\t\t<div class=\"elementor-element elementor-element-2db7764 elementor-widget elementor-widget-image\" data-id=\"2db7764\" data-element_type=\"widget\" data-widget_type=\"image.default\">\n\t\t\t\t<div class=\"elementor-widget-container\">\n\t\t\t\t\t\t\t\t\t\t<figure class=\"wp-caption\">\n\t\t\t\t\t\t\t\t\t\t<img decoding=\"async\" width=\"525\" height=\"525\" src=\"https:\/\/ateliermcl.com\/wp-content\/uploads\/2024\/08\/old-tree-1024x1024.png\" class=\"attachment-large size-large wp-image-288\" alt=\"\" srcset=\"https:\/\/ateliermcl.com\/wp-content\/uploads\/2024\/08\/old-tree-1024x1024.png 1024w, https:\/\/ateliermcl.com\/wp-content\/uploads\/2024\/08\/old-tree-300x300.png 300w, https:\/\/ateliermcl.com\/wp-content\/uploads\/2024\/08\/old-tree-150x150.png 150w, https:\/\/ateliermcl.com\/wp-content\/uploads\/2024\/08\/old-tree-768x768.png 768w, https:\/\/ateliermcl.com\/wp-content\/uploads\/2024\/08\/old-tree-100x100.png 100w, https:\/\/ateliermcl.com\/wp-content\/uploads\/2024\/08\/old-tree.png 1110w\" sizes=\"100vw\" \/>\t\t\t\t\t\t\t\t\t\t\t<figcaption class=\"widget-image-caption wp-caption-text\">Mystical Tree - Acrylique sur panneau bois<\/figcaption>\n\t\t\t\t\t\t\t\t\t\t<\/figure>\n\t\t\t\t\t\t\t<\/div>\n\t\t\t\t<\/div>\n\t\t\t\t\t<\/div>\n\t\t\t\t<\/div>\n\t\t<div class=\"elementor-element elementor-element-ecbc4b0 e-flex e-con-boxed e-con e-parent\" data-id=\"ecbc4b0\" data-element_type=\"container\">\n\t\t\t\t\t<div class=\"e-con-inner\">\n\t\t\t\t<div class=\"elementor-element elementor-element-ffda5f3 elementor-widget elementor-widget-image\" data-id=\"ffda5f3\" data-element_type=\"widget\" data-widget_type=\"image.default\">\n\t\t\t\t<div class=\"elementor-widget-container\">\n\t\t\t\t\t\t\t\t\t\t<figure class=\"wp-caption\">\n\t\t\t\t\t\t\t\t\t\t<img decoding=\"async\" width=\"525\" height=\"525\" src=\"https:\/\/ateliermcl.com\/wp-content\/uploads\/2024\/08\/flos-wall-1024x1024.png\" class=\"attachment-large size-large wp-image-329\" alt=\"\" srcset=\"https:\/\/ateliermcl.com\/wp-content\/uploads\/2024\/08\/flos-wall-1024x1024.png 1024w, https:\/\/ateliermcl.com\/wp-content\/uploads\/2024\/08\/flos-wall-300x300.png 300w, https:\/\/ateliermcl.com\/wp-content\/uploads\/2024\/08\/flos-wall-150x150.png 150w, https:\/\/ateliermcl.com\/wp-content\/uploads\/2024\/08\/flos-wall-768x768.png 768w, https:\/\/ateliermcl.com\/wp-content\/uploads\/2024\/08\/flos-wall-1536x1536.png 1536w, https:\/\/ateliermcl.com\/wp-content\/uploads\/2024\/08\/flos-wall-2048x2048.png 2048w, https:\/\/ateliermcl.com\/wp-content\/uploads\/2024\/08\/flos-wall-100x100.png 100w\" sizes=\"100vw\" \/>\t\t\t\t\t\t\t\t\t\t\t<figcaption class=\"widget-image-caption wp-caption-text\">Flo's Wall - Acrylique sur placo peint<\/figcaption>\n\t\t\t\t\t\t\t\t\t\t<\/figure>\n\t\t\t\t\t\t\t<\/div>\n\t\t\t\t<\/div>\n\t\t\t\t\t<\/div>\n\t\t\t\t<\/div>\n\t\t<div class=\"elementor-element elementor-element-fd7d227 e-flex e-con-boxed e-con e-parent\" data-id=\"fd7d227\" data-element_type=\"container\">\n\t\t\t\t\t<div class=\"e-con-inner\">\n\t\t\t\t<div class=\"elementor-element elementor-element-c7e3b5a elementor-widget elementor-widget-image\" data-id=\"c7e3b5a\" data-element_type=\"widget\" data-widget_type=\"image.default\">\n\t\t\t\t<div class=\"elementor-widget-container\">\n\t\t\t\t\t\t\t\t\t\t<figure class=\"wp-caption\">\n\t\t\t\t\t\t\t\t\t\t<img loading=\"lazy\" decoding=\"async\" width=\"525\" height=\"525\" src=\"https:\/\/ateliermcl.com\/wp-content\/uploads\/2024\/08\/Patins-lion-Wardrobe.png\" class=\"attachment-large size-large wp-image-422\" alt=\"\" srcset=\"https:\/\/ateliermcl.com\/wp-content\/uploads\/2024\/08\/Patins-lion-Wardrobe.png 960w, https:\/\/ateliermcl.com\/wp-content\/uploads\/2024\/08\/Patins-lion-Wardrobe-300x300.png 300w, https:\/\/ateliermcl.com\/wp-content\/uploads\/2024\/08\/Patins-lion-Wardrobe-150x150.png 150w, https:\/\/ateliermcl.com\/wp-content\/uploads\/2024\/08\/Patins-lion-Wardrobe-768x768.png 768w, https:\/\/ateliermcl.com\/wp-content\/uploads\/2024\/08\/Patins-lion-Wardrobe-100x100.png 100w\" sizes=\"100vw\" \/>\t\t\t\t\t\t\t\t\t\t\t<figcaption class=\"widget-image-caption wp-caption-text\">Nathan's Wardrobe - Acrylique sur portes stratifi\u00e9es<\/figcaption>\n\t\t\t\t\t\t\t\t\t\t<\/figure>\n\t\t\t\t\t\t\t<\/div>\n\t\t\t\t<\/div>\n\t\t\t\t\t<\/div>\n\t\t\t\t<\/div>\n\t\t<div class=\"elementor-element elementor-element-20fe2a4 e-flex e-con-boxed e-con e-parent\" data-id=\"20fe2a4\" data-element_type=\"container\">\n\t\t\t\t\t<div class=\"e-con-inner\">\n\t\t\t\t<div class=\"elementor-element elementor-element-05816bb elementor-widget elementor-widget-image\" data-id=\"05816bb\" data-element_type=\"widget\" data-widget_type=\"image.default\">\n\t\t\t\t<div class=\"elementor-widget-container\">\n\t\t\t\t\t\t\t\t\t\t<figure class=\"wp-caption\">\n\t\t\t\t\t\t\t\t\t\t<img loading=\"lazy\" decoding=\"async\" width=\"525\" height=\"525\" src=\"https:\/\/ateliermcl.com\/wp-content\/uploads\/2024\/08\/sarahs-owlet-1024x1024.png\" class=\"attachment-large size-large wp-image-292\" alt=\"\" srcset=\"https:\/\/ateliermcl.com\/wp-content\/uploads\/2024\/08\/sarahs-owlet-1024x1024.png 1024w, https:\/\/ateliermcl.com\/wp-content\/uploads\/2024\/08\/sarahs-owlet-300x300.png 300w, https:\/\/ateliermcl.com\/wp-content\/uploads\/2024\/08\/sarahs-owlet-150x150.png 150w, https:\/\/ateliermcl.com\/wp-content\/uploads\/2024\/08\/sarahs-owlet-768x768.png 768w, https:\/\/ateliermcl.com\/wp-content\/uploads\/2024\/08\/sarahs-owlet-1536x1536.png 1536w, https:\/\/ateliermcl.com\/wp-content\/uploads\/2024\/08\/sarahs-owlet-2048x2048.png 2048w, https:\/\/ateliermcl.com\/wp-content\/uploads\/2024\/08\/sarahs-owlet-100x100.png 100w\" sizes=\"100vw\" \/>\t\t\t\t\t\t\t\t\t\t\t<figcaption class=\"widget-image-caption wp-caption-text\">Sarah's Owlet - Acrylique sur placo peint (photo en cours de r\u00e9alisation)<\/figcaption>\n\t\t\t\t\t\t\t\t\t\t<\/figure>\n\t\t\t\t\t\t\t<\/div>\n\t\t\t\t<\/div>\n\t\t\t\t\t<\/div>\n\t\t\t\t<\/div>\n\t\t<div class=\"elementor-element elementor-element-22812d9 e-flex e-con-boxed e-con e-parent\" data-id=\"22812d9\" data-element_type=\"container\">\n\t\t\t\t\t<div class=\"e-con-inner\">\n\t\t\t\t<div class=\"elementor-element elementor-element-19e3414 elementor-widget elementor-widget-image\" data-id=\"19e3414\" data-element_type=\"widget\" data-widget_type=\"image.default\">\n\t\t\t\t<div class=\"elementor-widget-container\">\n\t\t\t\t\t\t\t\t\t\t<figure class=\"wp-caption\">\n\t\t\t\t\t\t\t\t\t\t<img loading=\"lazy\" decoding=\"async\" width=\"525\" height=\"525\" src=\"https:\/\/ateliermcl.com\/wp-content\/uploads\/2024\/08\/Patin-Cruz-crew.png\" class=\"attachment-large size-large wp-image-289\" alt=\"\" srcset=\"https:\/\/ateliermcl.com\/wp-content\/uploads\/2024\/08\/Patin-Cruz-crew.png 1003w, https:\/\/ateliermcl.com\/wp-content\/uploads\/2024\/08\/Patin-Cruz-crew-300x300.png 300w, https:\/\/ateliermcl.com\/wp-content\/uploads\/2024\/08\/Patin-Cruz-crew-150x150.png 150w, https:\/\/ateliermcl.com\/wp-content\/uploads\/2024\/08\/Patin-Cruz-crew-768x768.png 768w, https:\/\/ateliermcl.com\/wp-content\/uploads\/2024\/08\/Patin-Cruz-crew-100x100.png 100w\" sizes=\"100vw\" \/>\t\t\t\t\t\t\t\t\t\t\t<figcaption class=\"widget-image-caption wp-caption-text\">Patin Cruz Crew - Craie blanche sur Placo peint tableau noir (Fresque \u00e9ph\u00e9m\u00e8re)<\/figcaption>\n\t\t\t\t\t\t\t\t\t\t<\/figure>\n\t\t\t\t\t\t\t<\/div>\n\t\t\t\t<\/div>\n\t\t\t\t\t<\/div>\n\t\t\t\t<\/div>\n\t\t<div class=\"elementor-element elementor-element-d2b3064 e-flex e-con-boxed e-con e-parent\" data-id=\"d2b3064\" data-element_type=\"container\">\n\t\t\t\t\t<div class=\"e-con-inner\">\n\t\t\t\t<div class=\"elementor-element elementor-element-e3ad683 elementor-widget elementor-widget-image\" data-id=\"e3ad683\" data-element_type=\"widget\" data-widget_type=\"image.default\">\n\t\t\t\t<div class=\"elementor-widget-container\">\n\t\t\t\t\t\t\t\t\t\t<figure class=\"wp-caption\">\n\t\t\t\t\t\t\t\t\t\t<img loading=\"lazy\" decoding=\"async\" width=\"525\" height=\"525\" src=\"https:\/\/ateliermcl.com\/wp-content\/uploads\/2024\/08\/Colettes-Sound-Booth.jpg\" class=\"attachment-large size-large wp-image-421\" alt=\"\" srcset=\"https:\/\/ateliermcl.com\/wp-content\/uploads\/2024\/08\/Colettes-Sound-Booth.jpg 640w, https:\/\/ateliermcl.com\/wp-content\/uploads\/2024\/08\/Colettes-Sound-Booth-300x300.jpg 300w, https:\/\/ateliermcl.com\/wp-content\/uploads\/2024\/08\/Colettes-Sound-Booth-150x150.jpg 150w, https:\/\/ateliermcl.com\/wp-content\/uploads\/2024\/08\/Colettes-Sound-Booth-100x100.jpg 100w\" sizes=\"100vw\" \/>\t\t\t\t\t\t\t\t\t\t\t<figcaption class=\"widget-image-caption wp-caption-text\">Colette's Sound Booth - Acrylique sur panneaux bois<\/figcaption>\n\t\t\t\t\t\t\t\t\t\t<\/figure>\n\t\t\t\t\t\t\t<\/div>\n\t\t\t\t<\/div>\n\t\t\t\t\t<\/div>\n\t\t\t\t<\/div>\n\t\t<div class=\"elementor-element elementor-element-b7b3ca9 e-flex e-con-boxed e-con e-parent\" data-id=\"b7b3ca9\" data-element_type=\"container\">\n\t\t\t\t\t<div class=\"e-con-inner\">\n\t\t\t\t<div class=\"elementor-element elementor-element-809994c elementor-widget elementor-widget-image\" data-id=\"809994c\" data-element_type=\"widget\" data-widget_type=\"image.default\">\n\t\t\t\t<div class=\"elementor-widget-container\">\n\t\t\t\t\t\t\t\t\t\t<figure class=\"wp-caption\">\n\t\t\t\t\t\t\t\t\t\t<img loading=\"lazy\" decoding=\"async\" width=\"525\" height=\"526\" src=\"https:\/\/ateliermcl.com\/wp-content\/uploads\/2024\/08\/Pennis-Wall.png\" class=\"attachment-large size-large wp-image-423\" alt=\"\" srcset=\"https:\/\/ateliermcl.com\/wp-content\/uploads\/2024\/08\/Pennis-Wall.png 971w, https:\/\/ateliermcl.com\/wp-content\/uploads\/2024\/08\/Pennis-Wall-300x300.png 300w, https:\/\/ateliermcl.com\/wp-content\/uploads\/2024\/08\/Pennis-Wall-150x150.png 150w, https:\/\/ateliermcl.com\/wp-content\/uploads\/2024\/08\/Pennis-Wall-768x769.png 768w, https:\/\/ateliermcl.com\/wp-content\/uploads\/2024\/08\/Pennis-Wall-100x100.png 100w\" sizes=\"100vw\" \/>\t\t\t\t\t\t\t\t\t\t\t<figcaption class=\"widget-image-caption wp-caption-text\">Penni's Wall - Acrylique sur placo peint<\/figcaption>\n\t\t\t\t\t\t\t\t\t\t<\/figure>\n\t\t\t\t\t\t\t<\/div>\n\t\t\t\t<\/div>\n\t\t\t\t\t<\/div>\n\t\t\t\t<\/div>\n\t\t\t\t<\/div>\n\t\t","protected":false},"excerpt":{"rendered":"<p>Ina&rsquo;s Wall &#8211; Acrylique aquarell\u00e9e sur placo peint Mystical Tree &#8211; Acrylique sur panneau bois Flo&rsquo;s Wall &#8211; Acrylique sur placo peint Nathan&rsquo;s Wardrobe &#8211; Acrylique sur portes stratifi\u00e9es Sarah&rsquo;s Owlet &#8211; Acrylique sur placo peint (photo en cours de r\u00e9alisation) Patin Cruz Crew &#8211; Craie blanche sur Placo peint tableau noir (Fresque \u00e9ph\u00e9m\u00e8re) Colette&rsquo;s &hellip; <\/p>\n<p class=\"link-more\"><a href=\"https:\/\/ateliermcl.com\/index.php\/gelerie\/\" class=\"more-link\">Continuer la lecture<span class=\"screen-reader-text\"> de &laquo;&nbsp;Fresques Murales&nbsp;&raquo;<\/span><\/a><\/p>\n","protected":false},"author":1,"featured_media":153,"parent":0,"menu_order":0,"comment_status":"closed","ping_status":"closed","template":"","meta":{"footnotes":""},"class_list":["post-22","page","type-page","status-publish","has-post-thumbnail","hentry"],"yoast_head":"<!-- This site is optimized with the Yoast SEO plugin v23.3 - https:\/\/yoast.com\/wordpress\/plugins\/seo\/ -->\n<title>Fresques Murales<\/title>\n<meta name=\"description\" content=\"L\u2019atelier MCL propose un service \u00e0 domicile de cr\u00e9ation de fresques murales sur mesure, afin de rendre vos espaces uniques et inspirants.\" \/>\n<meta name=\"robots\" content=\"index, follow, max-snippet:-1, max-image-preview:large, max-video-preview:-1\" \/>\n<link rel=\"canonical\" href=\"https:\/\/ateliermcl.com\/index.php\/gelerie\/\" \/>\n<meta property=\"og:locale\" content=\"fr_FR\" \/>\n<meta property=\"og:type\" content=\"article\" \/>\n<meta property=\"og:title\" content=\"Fresques Murales\" \/>\n<meta property=\"og:description\" content=\"L\u2019atelier MCL propose un service \u00e0 domicile de cr\u00e9ation de fresques murales sur mesure, afin de rendre vos espaces uniques et inspirants.\" \/>\n<meta property=\"og:url\" content=\"https:\/\/ateliermcl.com\/index.php\/gelerie\/\" \/>\n<meta property=\"og:site_name\" content=\"Atelier MCL\" \/>\n<meta property=\"article:modified_time\" content=\"2024-09-07T15:00:20+00:00\" \/>\n<meta property=\"og:image\" content=\"http:\/\/ateliermcl.com\/wp-content\/uploads\/2024\/06\/dessin-piece-1024x574.png\" \/>\n\t<meta property=\"og:image:width\" content=\"1024\" \/>\n\t<meta property=\"og:image:height\" content=\"574\" \/>\n\t<meta property=\"og:image:type\" content=\"image\/png\" \/>\n<meta name=\"twitter:card\" content=\"summary_large_image\" \/>\n<meta name=\"twitter:label1\" content=\"Dur\u00e9e de lecture estim\u00e9e\" \/>\n\t<meta name=\"twitter:data1\" content=\"2 minutes\" \/>\n<script type=\"application\/ld+json\" class=\"yoast-schema-graph\">{\"@context\":\"https:\/\/schema.org\",\"@graph\":[{\"@type\":\"WebPage\",\"@id\":\"https:\/\/ateliermcl.com\/index.php\/gelerie\/\",\"url\":\"https:\/\/ateliermcl.com\/index.php\/gelerie\/\",\"name\":\"Fresques Murales\",\"isPartOf\":{\"@id\":\"https:\/\/ateliermcl.com\/#website\"},\"primaryImageOfPage\":{\"@id\":\"https:\/\/ateliermcl.com\/index.php\/gelerie\/#primaryimage\"},\"image\":{\"@id\":\"https:\/\/ateliermcl.com\/index.php\/gelerie\/#primaryimage\"},\"thumbnailUrl\":\"https:\/\/ateliermcl.com\/wp-content\/uploads\/2024\/06\/dessin-piece.png\",\"datePublished\":\"2024-06-12T19:37:49+00:00\",\"dateModified\":\"2024-09-07T15:00:20+00:00\",\"description\":\"L\u2019atelier MCL propose un service \u00e0 domicile de cr\u00e9ation de fresques murales sur mesure, afin de rendre vos espaces uniques et inspirants.\",\"breadcrumb\":{\"@id\":\"https:\/\/ateliermcl.com\/index.php\/gelerie\/#breadcrumb\"},\"inLanguage\":\"fr-FR\",\"potentialAction\":[{\"@type\":\"ReadAction\",\"target\":[\"https:\/\/ateliermcl.com\/index.php\/gelerie\/\"]}]},{\"@type\":\"ImageObject\",\"inLanguage\":\"fr-FR\",\"@id\":\"https:\/\/ateliermcl.com\/index.php\/gelerie\/#primaryimage\",\"url\":\"https:\/\/ateliermcl.com\/wp-content\/uploads\/2024\/06\/dessin-piece.png\",\"contentUrl\":\"https:\/\/ateliermcl.com\/wp-content\/uploads\/2024\/06\/dessin-piece.png\",\"width\":1380,\"height\":773},{\"@type\":\"BreadcrumbList\",\"@id\":\"https:\/\/ateliermcl.com\/index.php\/gelerie\/#breadcrumb\",\"itemListElement\":[{\"@type\":\"ListItem\",\"position\":1,\"name\":\"Accueil\",\"item\":\"https:\/\/ateliermcl.com\/\"},{\"@type\":\"ListItem\",\"position\":2,\"name\":\"Fresques Murales\"}]},{\"@type\":\"WebSite\",\"@id\":\"https:\/\/ateliermcl.com\/#website\",\"url\":\"https:\/\/ateliermcl.com\/\",\"name\":\"AtelierMCL\",\"description\":\"Arts Plastiques &amp; Arts Appliqu\u00e9s \u00e0 Caen\",\"publisher\":{\"@id\":\"https:\/\/ateliermcl.com\/#organization\"},\"potentialAction\":[{\"@type\":\"SearchAction\",\"target\":{\"@type\":\"EntryPoint\",\"urlTemplate\":\"https:\/\/ateliermcl.com\/?s={search_term_string}\"},\"query-input\":\"required name=search_term_string\"}],\"inLanguage\":\"fr-FR\"},{\"@type\":\"Organization\",\"@id\":\"https:\/\/ateliermcl.com\/#organization\",\"name\":\"AtelierMCL\",\"url\":\"https:\/\/ateliermcl.com\/\",\"logo\":{\"@type\":\"ImageObject\",\"inLanguage\":\"fr-FR\",\"@id\":\"https:\/\/ateliermcl.com\/#\/schema\/logo\/image\/\",\"url\":\"http:\/\/ateliermcl.com\/wp-content\/uploads\/2024\/06\/Logo-MCL.png\",\"contentUrl\":\"http:\/\/ateliermcl.com\/wp-content\/uploads\/2024\/06\/Logo-MCL.png\",\"width\":2312,\"height\":1132,\"caption\":\"AtelierMCL\"},\"image\":{\"@id\":\"https:\/\/ateliermcl.com\/#\/schema\/logo\/image\/\"},\"sameAs\":[\"https:\/\/www.instagram.com\/marine_chauvin_lacour\/\"]}]}<\/script>\n<!-- \/ Yoast SEO plugin. -->","yoast_head_json":{"title":"Fresques Murales","description":"L\u2019atelier MCL propose un service \u00e0 domicile de cr\u00e9ation de fresques murales sur mesure, afin de rendre vos espaces uniques et inspirants.","robots":{"index":"index","follow":"follow","max-snippet":"max-snippet:-1","max-image-preview":"max-image-preview:large","max-video-preview":"max-video-preview:-1"},"canonical":"https:\/\/ateliermcl.com\/index.php\/gelerie\/","og_locale":"fr_FR","og_type":"article","og_title":"Fresques Murales","og_description":"L\u2019atelier MCL propose un service \u00e0 domicile de cr\u00e9ation de fresques murales sur mesure, afin de rendre vos espaces uniques et inspirants.","og_url":"https:\/\/ateliermcl.com\/index.php\/gelerie\/","og_site_name":"Atelier MCL","article_modified_time":"2024-09-07T15:00:20+00:00","og_image":[{"width":1024,"height":574,"url":"http:\/\/ateliermcl.com\/wp-content\/uploads\/2024\/06\/dessin-piece-1024x574.png","type":"image\/png"}],"twitter_card":"summary_large_image","twitter_misc":{"Dur\u00e9e de lecture estim\u00e9e":"2 minutes"},"schema":{"@context":"https:\/\/schema.org","@graph":[{"@type":"WebPage","@id":"https:\/\/ateliermcl.com\/index.php\/gelerie\/","url":"https:\/\/ateliermcl.com\/index.php\/gelerie\/","name":"Fresques Murales","isPartOf":{"@id":"https:\/\/ateliermcl.com\/#website"},"primaryImageOfPage":{"@id":"https:\/\/ateliermcl.com\/index.php\/gelerie\/#primaryimage"},"image":{"@id":"https:\/\/ateliermcl.com\/index.php\/gelerie\/#primaryimage"},"thumbnailUrl":"https:\/\/ateliermcl.com\/wp-content\/uploads\/2024\/06\/dessin-piece.png","datePublished":"2024-06-12T19:37:49+00:00","dateModified":"2024-09-07T15:00:20+00:00","description":"L\u2019atelier MCL propose un service \u00e0 domicile de cr\u00e9ation de fresques murales sur mesure, afin de rendre vos espaces uniques et inspirants.","breadcrumb":{"@id":"https:\/\/ateliermcl.com\/index.php\/gelerie\/#breadcrumb"},"inLanguage":"fr-FR","potentialAction":[{"@type":"ReadAction","target":["https:\/\/ateliermcl.com\/index.php\/gelerie\/"]}]},{"@type":"ImageObject","inLanguage":"fr-FR","@id":"https:\/\/ateliermcl.com\/index.php\/gelerie\/#primaryimage","url":"https:\/\/ateliermcl.com\/wp-content\/uploads\/2024\/06\/dessin-piece.png","contentUrl":"https:\/\/ateliermcl.com\/wp-content\/uploads\/2024\/06\/dessin-piece.png","width":1380,"height":773},{"@type":"BreadcrumbList","@id":"https:\/\/ateliermcl.com\/index.php\/gelerie\/#breadcrumb","itemListElement":[{"@type":"ListItem","position":1,"name":"Accueil","item":"https:\/\/ateliermcl.com\/"},{"@type":"ListItem","position":2,"name":"Fresques Murales"}]},{"@type":"WebSite","@id":"https:\/\/ateliermcl.com\/#website","url":"https:\/\/ateliermcl.com\/","name":"AtelierMCL","description":"Arts Plastiques &amp; Arts Appliqu\u00e9s \u00e0 Caen","publisher":{"@id":"https:\/\/ateliermcl.com\/#organization"},"potentialAction":[{"@type":"SearchAction","target":{"@type":"EntryPoint","urlTemplate":"https:\/\/ateliermcl.com\/?s={search_term_string}"},"query-input":"required name=search_term_string"}],"inLanguage":"fr-FR"},{"@type":"Organization","@id":"https:\/\/ateliermcl.com\/#organization","name":"AtelierMCL","url":"https:\/\/ateliermcl.com\/","logo":{"@type":"ImageObject","inLanguage":"fr-FR","@id":"https:\/\/ateliermcl.com\/#\/schema\/logo\/image\/","url":"http:\/\/ateliermcl.com\/wp-content\/uploads\/2024\/06\/Logo-MCL.png","contentUrl":"http:\/\/ateliermcl.com\/wp-content\/uploads\/2024\/06\/Logo-MCL.png","width":2312,"height":1132,"caption":"AtelierMCL"},"image":{"@id":"https:\/\/ateliermcl.com\/#\/schema\/logo\/image\/"},"sameAs":["https:\/\/www.instagram.com\/marine_chauvin_lacour\/"]}]}},"_links":{"self":[{"href":"https:\/\/ateliermcl.com\/index.php\/wp-json\/wp\/v2\/pages\/22","targetHints":{"allow":["GET"]}}],"collection":[{"href":"https:\/\/ateliermcl.com\/index.php\/wp-json\/wp\/v2\/pages"}],"about":[{"href":"https:\/\/ateliermcl.com\/index.php\/wp-json\/wp\/v2\/types\/page"}],"author":[{"embeddable":true,"href":"https:\/\/ateliermcl.com\/index.php\/wp-json\/wp\/v2\/users\/1"}],"replies":[{"embeddable":true,"href":"https:\/\/ateliermcl.com\/index.php\/wp-json\/wp\/v2\/comments?post=22"}],"version-history":[{"count":93,"href":"https:\/\/ateliermcl.com\/index.php\/wp-json\/wp\/v2\/pages\/22\/revisions"}],"predecessor-version":[{"id":436,"href":"https:\/\/ateliermcl.com\/index.php\/wp-json\/wp\/v2\/pages\/22\/revisions\/436"}],"wp:featuredmedia":[{"embeddable":true,"href":"https:\/\/ateliermcl.com\/index.php\/wp-json\/wp\/v2\/media\/153"}],"wp:attachment":[{"href":"https:\/\/ateliermcl.com\/index.php\/wp-json\/wp\/v2\/media?parent=22"}],"curies":[{"name":"wp","href":"https:\/\/api.w.org\/{rel}","templated":true}]}}